{"id":1109,"date":"2026-03-04T08:02:28","date_gmt":"2026-03-04T08:02:28","guid":{"rendered":"https:\/\/www.bauerschmidt-folien.de\/downloads\/"},"modified":"2026-04-29T06:00:23","modified_gmt":"2026-04-29T06:00:23","slug":"downloads","status":"publish","type":"page","link":"https:\/\/www.bauerschmidt-folien.de\/en\/downloads\/","title":{"rendered":"Downloads"},"content":{"rendered":"\t\t<div data-elementor-type=\"wp-page\" data-elementor-id=\"1109\" class=\"elementor elementor-1109 elementor-624\" data-elementor-post-type=\"page\">\n\t\t\t\t<div class=\"elementor-element elementor-element-696937d e-con-full e-flex e-con e-parent\" data-id=\"696937d\" data-element_type=\"container\" data-e-type=\"container\">\n\t\t\t\t<div class=\"elementor-element elementor-element-66cb0a6 elementor-widget elementor-widget-bauerschmidt_sub_hero\" data-id=\"66cb0a6\" data-element_type=\"widget\" data-e-type=\"widget\" data-widget_type=\"bauerschmidt_sub_hero.default\">\n\t\t\t\t<div class=\"elementor-widget-container\">\n\t\t\t\t\t<section class=\"bs-subhero bs-subhero--blue bs-subhero--no-subtitle\"><div class=\"bs-subhero__decor\" style=\"background-image: url(https:\/\/www.bauerschmidt-folien.de\/wp-content\/uploads\/2026\/02\/Group-4-scaled.png);\" aria-hidden=\"true\"><\/div><div class=\"bs-subhero__inner\"><span class=\"bs-subhero__eyebrow\">\/ Useful information material for download \/<\/span><h1 class=\"bs-subhero__title\">Downloads<\/h1><\/div><\/section>\t\t\t\t<\/div>\n\t\t\t\t<\/div>\n\t\t\t\t<div class=\"elementor-element elementor-element-f354dc4 elementor-widget elementor-widget-bauerschmidt_download_list\" data-id=\"f354dc4\" data-element_type=\"widget\" data-e-type=\"widget\" data-widget_type=\"bauerschmidt_download_list.default\">\n\t\t\t\t<div class=\"elementor-widget-container\">\n\t\t\t\t\t<div class=\"bs-dl\"><div class=\"bs-dl__group\" id=\"information-material\"><h2 class=\"bs-dl__heading\">Information material<\/h2><div class=\"bs-dl__list\"><div class=\"bs-dl__item bs-dl__item--no-link\"><span class=\"bs-dl__title\">Bauerschmidt Folien Company Brochure (English) [PDF]<\/span><span class=\"bs-dl__icon\"><svg viewBox=\"0 0 512 512\" xmlns=\"http:\/\/www.w3.org\/2000\/svg\" fill=\"currentColor\" aria-hidden=\"true\"><path d=\"M288 32c0-17.7-14.3-32-32-32s-32 14.3-32 32V274.7l-73.4-73.4c-12.5-12.5-32.8-12.5-45.3 0s-12.5 32.8 0 45.3l128 128c12.5 12.5 32.8 12.5 45.3 0l128-128c12.5-12.5 12.5-32.8 0-45.3s-32.8-12.5-45.3 0L288 274.7V32zM64 352c-35.3 0-64 28.7-64 64v32c0 35.3 28.7 64 64 64H448c35.3 0 64-28.7 64-64V416c0-35.3-28.7-64-64-64H346.5l-45.3 45.3c-25 25-65.5 25-90.5 0L165.5 352H64z\"\/><\/svg><\/span><\/div><div class=\"bs-dl__item bs-dl__item--no-link\"><span class=\"bs-dl__title\">Bio Film Data Sheet [PDF]<\/span><span class=\"bs-dl__icon\"><svg viewBox=\"0 0 512 512\" xmlns=\"http:\/\/www.w3.org\/2000\/svg\" fill=\"currentColor\" aria-hidden=\"true\"><path d=\"M288 32c0-17.7-14.3-32-32-32s-32 14.3-32 32V274.7l-73.4-73.4c-12.5-12.5-32.8-12.5-45.3 0s-12.5 32.8 0 45.3l128 128c12.5 12.5 32.8 12.5 45.3 0l128-128c12.5-12.5 12.5-32.8 0-45.3s-32.8-12.5-45.3 0L288 274.7V32zM64 352c-35.3 0-64 28.7-64 64v32c0 35.3 28.7 64 64 64H448c35.3 0 64-28.7 64-64V416c0-35.3-28.7-64-64-64H346.5l-45.3 45.3c-25 25-65.5 25-90.5 0L165.5 352H64z\"\/><\/svg><\/span><\/div><div class=\"bs-dl__item bs-dl__item--no-link\"><span class=\"bs-dl__title\">Case study on automated transport system by Jungheinrich [PDF]<\/span><span class=\"bs-dl__icon\"><svg viewBox=\"0 0 512 512\" xmlns=\"http:\/\/www.w3.org\/2000\/svg\" fill=\"currentColor\" aria-hidden=\"true\"><path d=\"M288 32c0-17.7-14.3-32-32-32s-32 14.3-32 32V274.7l-73.4-73.4c-12.5-12.5-32.8-12.5-45.3 0s-12.5 32.8 0 45.3l128 128c12.5 12.5 32.8 12.5 45.3 0l128-128c12.5-12.5 12.5-32.8 0-45.3s-32.8-12.5-45.3 0L288 274.7V32zM64 352c-35.3 0-64 28.7-64 64v32c0 35.3 28.7 64 64 64H448c35.3 0 64-28.7 64-64V416c0-35.3-28.7-64-64-64H346.5l-45.3 45.3c-25 25-65.5 25-90.5 0L165.5 352H64z\"\/><\/svg><\/span><\/div><div class=\"bs-dl__item bs-dl__item--no-link\"><span class=\"bs-dl__title\">Corporate Brochure by Bauerschmidt Folien (German) [PDF]<\/span><span class=\"bs-dl__icon\"><svg viewBox=\"0 0 512 512\" xmlns=\"http:\/\/www.w3.org\/2000\/svg\" fill=\"currentColor\" aria-hidden=\"true\"><path d=\"M288 32c0-17.7-14.3-32-32-32s-32 14.3-32 32V274.7l-73.4-73.4c-12.5-12.5-32.8-12.5-45.3 0s-12.5 32.8 0 45.3l128 128c12.5 12.5 32.8 12.5 45.3 0l128-128c12.5-12.5 12.5-32.8 0-45.3s-32.8-12.5-45.3 0L288 274.7V32zM64 352c-35.3 0-64 28.7-64 64v32c0 35.3 28.7 64 64 64H448c35.3 0 64-28.7 64-64V416c0-35.3-28.7-64-64-64H346.5l-45.3 45.3c-25 25-65.5 25-90.5 0L165.5 352H64z\"\/><\/svg><\/span><\/div><\/div><\/div><div class=\"bs-dl__group\" id=\"terms-and-conditions\"><h2 class=\"bs-dl__heading\">Terms and Conditions<\/h2><div class=\"bs-dl__list\"><div class=\"bs-dl__item bs-dl__item--no-link\"><span class=\"bs-dl__title\">General Terms and Conditions of Bauerschmidt Kunststoff GmbH [PDF]<\/span><span class=\"bs-dl__icon\"><svg viewBox=\"0 0 512 512\" xmlns=\"http:\/\/www.w3.org\/2000\/svg\" fill=\"currentColor\" aria-hidden=\"true\"><path d=\"M288 32c0-17.7-14.3-32-32-32s-32 14.3-32 32V274.7l-73.4-73.4c-12.5-12.5-32.8-12.5-45.3 0s-12.5 32.8 0 45.3l128 128c12.5 12.5 32.8 12.5 45.3 0l128-128c12.5-12.5 12.5-32.8 0-45.3s-32.8-12.5-45.3 0L288 274.7V32zM64 352c-35.3 0-64 28.7-64 64v32c0 35.3 28.7 64 64 64H448c35.3 0 64-28.7 64-64V416c0-35.3-28.7-64-64-64H346.5l-45.3 45.3c-25 25-65.5 25-90.5 0L165.5 352H64z\"\/><\/svg><\/span><\/div><div class=\"bs-dl__item bs-dl__item--no-link\"><span class=\"bs-dl__title\">General Terms and Conditions of Horst Bauerschmidt KG [PDF]<\/span><span class=\"bs-dl__icon\"><svg viewBox=\"0 0 512 512\" xmlns=\"http:\/\/www.w3.org\/2000\/svg\" fill=\"currentColor\" aria-hidden=\"true\"><path d=\"M288 32c0-17.7-14.3-32-32-32s-32 14.3-32 32V274.7l-73.4-73.4c-12.5-12.5-32.8-12.5-45.3 0s-12.5 32.8 0 45.3l128 128c12.5 12.5 32.8 12.5 45.3 0l128-128c12.5-12.5 12.5-32.8 0-45.3s-32.8-12.5-45.3 0L288 274.7V32zM64 352c-35.3 0-64 28.7-64 64v32c0 35.3 28.7 64 64 64H448c35.3 0 64-28.7 64-64V416c0-35.3-28.7-64-64-64H346.5l-45.3 45.3c-25 25-65.5 25-90.5 0L165.5 352H64z\"\/><\/svg><\/span><\/div><div class=\"bs-dl__item bs-dl__item--no-link\"><span class=\"bs-dl__title\">Special Terms and Conditions for Film Packaging [PDF]<\/span><span class=\"bs-dl__icon\"><svg viewBox=\"0 0 512 512\" xmlns=\"http:\/\/www.w3.org\/2000\/svg\" fill=\"currentColor\" aria-hidden=\"true\"><path d=\"M288 32c0-17.7-14.3-32-32-32s-32 14.3-32 32V274.7l-73.4-73.4c-12.5-12.5-32.8-12.5-45.3 0s-12.5 32.8 0 45.3l128 128c12.5 12.5 32.8 12.5 45.3 0l128-128c12.5-12.5 12.5-32.8 0-45.3s-32.8-12.5-45.3 0L288 274.7V32zM64 352c-35.3 0-64 28.7-64 64v32c0 35.3 28.7 64 64 64H448c35.3 0 64-28.7 64-64V416c0-35.3-28.7-64-64-64H346.5l-45.3 45.3c-25 25-65.5 25-90.5 0L165.5 352H64z\"\/><\/svg><\/span><\/div><\/div><\/div><div class=\"bs-dl__group\" id=\"certificates\"><h2 class=\"bs-dl__heading\">Certificates<\/h2><div class=\"bs-dl__list\"><div class=\"bs-dl__item bs-dl__item--no-link\"><span class=\"bs-dl__title\">Alternative System for Improving Energy Efficiency According to \u00a7 3 of the SpaEfV [PDF]<\/span><span class=\"bs-dl__icon\"><svg viewBox=\"0 0 512 512\" xmlns=\"http:\/\/www.w3.org\/2000\/svg\" fill=\"currentColor\" aria-hidden=\"true\"><path d=\"M288 32c0-17.7-14.3-32-32-32s-32 14.3-32 32V274.7l-73.4-73.4c-12.5-12.5-32.8-12.5-45.3 0s-12.5 32.8 0 45.3l128 128c12.5 12.5 32.8 12.5 45.3 0l128-128c12.5-12.5 12.5-32.8 0-45.3s-32.8-12.5-45.3 0L288 274.7V32zM64 352c-35.3 0-64 28.7-64 64v32c0 35.3 28.7 64 64 64H448c35.3 0 64-28.7 64-64V416c0-35.3-28.7-64-64-64H346.5l-45.3 45.3c-25 25-65.5 25-90.5 0L165.5 352H64z\"\/><\/svg><\/span><\/div><div class=\"bs-dl__item bs-dl__item--no-link\"><span class=\"bs-dl__title\">Food safety management system according to DIN EN 15593:2008<\/span><span class=\"bs-dl__icon\"><svg viewBox=\"0 0 512 512\" xmlns=\"http:\/\/www.w3.org\/2000\/svg\" fill=\"currentColor\" aria-hidden=\"true\"><path d=\"M288 32c0-17.7-14.3-32-32-32s-32 14.3-32 32V274.7l-73.4-73.4c-12.5-12.5-32.8-12.5-45.3 0s-12.5 32.8 0 45.3l128 128c12.5 12.5 32.8 12.5 45.3 0l128-128c12.5-12.5 12.5-32.8 0-45.3s-32.8-12.5-45.3 0L288 274.7V32zM64 352c-35.3 0-64 28.7-64 64v32c0 35.3 28.7 64 64 64H448c35.3 0 64-28.7 64-64V416c0-35.3-28.7-64-64-64H346.5l-45.3 45.3c-25 25-65.5 25-90.5 0L165.5 352H64z\"\/><\/svg><\/span><\/div><div class=\"bs-dl__item bs-dl__item--no-link\"><span class=\"bs-dl__title\">Food safety management system in accordance with DIN EN 15593:2008 EN<\/span><span class=\"bs-dl__icon\"><svg viewBox=\"0 0 512 512\" xmlns=\"http:\/\/www.w3.org\/2000\/svg\" fill=\"currentColor\" aria-hidden=\"true\"><path d=\"M288 32c0-17.7-14.3-32-32-32s-32 14.3-32 32V274.7l-73.4-73.4c-12.5-12.5-32.8-12.5-45.3 0s-12.5 32.8 0 45.3l128 128c12.5 12.5 32.8 12.5 45.3 0l128-128c12.5-12.5 12.5-32.8 0-45.3s-32.8-12.5-45.3 0L288 274.7V32zM64 352c-35.3 0-64 28.7-64 64v32c0 35.3 28.7 64 64 64H448c35.3 0 64-28.7 64-64V416c0-35.3-28.7-64-64-64H346.5l-45.3 45.3c-25 25-65.5 25-90.5 0L165.5 352H64z\"\/><\/svg><\/span><\/div><div class=\"bs-dl__item bs-dl__item--no-link\"><span class=\"bs-dl__title\">Quality management system according to DIN EN ISO 9001:2015 [PDF]<\/span><span class=\"bs-dl__icon\"><svg viewBox=\"0 0 512 512\" xmlns=\"http:\/\/www.w3.org\/2000\/svg\" fill=\"currentColor\" aria-hidden=\"true\"><path d=\"M288 32c0-17.7-14.3-32-32-32s-32 14.3-32 32V274.7l-73.4-73.4c-12.5-12.5-32.8-12.5-45.3 0s-12.5 32.8 0 45.3l128 128c12.5 12.5 32.8 12.5 45.3 0l128-128c12.5-12.5 12.5-32.8 0-45.3s-32.8-12.5-45.3 0L288 274.7V32zM64 352c-35.3 0-64 28.7-64 64v32c0 35.3 28.7 64 64 64H448c35.3 0 64-28.7 64-64V416c0-35.3-28.7-64-64-64H346.5l-45.3 45.3c-25 25-65.5 25-90.5 0L165.5 352H64z\"\/><\/svg><\/span><\/div><div class=\"bs-dl__item bs-dl__item--no-link\"><span class=\"bs-dl__title\">Quality management system in accordance with DIN EN ISO 9001:2015 EN [PDF]<\/span><span class=\"bs-dl__icon\"><svg viewBox=\"0 0 512 512\" xmlns=\"http:\/\/www.w3.org\/2000\/svg\" fill=\"currentColor\" aria-hidden=\"true\"><path d=\"M288 32c0-17.7-14.3-32-32-32s-32 14.3-32 32V274.7l-73.4-73.4c-12.5-12.5-32.8-12.5-45.3 0s-12.5 32.8 0 45.3l128 128c12.5 12.5 32.8 12.5 45.3 0l128-128c12.5-12.5 12.5-32.8 0-45.3s-32.8-12.5-45.3 0L288 274.7V32zM64 352c-35.3 0-64 28.7-64 64v32c0 35.3 28.7 64 64 64H448c35.3 0 64-28.7 64-64V416c0-35.3-28.7-64-64-64H346.5l-45.3 45.3c-25 25-65.5 25-90.5 0L165.5 352H64z\"\/><\/svg><\/span><\/div><div class=\"bs-dl__item bs-dl__item--no-link\"><span class=\"bs-dl__title\">Workplace Infection Control [PDF]<\/span><span class=\"bs-dl__icon\"><svg viewBox=\"0 0 512 512\" xmlns=\"http:\/\/www.w3.org\/2000\/svg\" fill=\"currentColor\" aria-hidden=\"true\"><path d=\"M288 32c0-17.7-14.3-32-32-32s-32 14.3-32 32V274.7l-73.4-73.4c-12.5-12.5-32.8-12.5-45.3 0s-12.5 32.8 0 45.3l128 128c12.5 12.5 32.8 12.5 45.3 0l128-128c12.5-12.5 12.5-32.8 0-45.3s-32.8-12.5-45.3 0L288 274.7V32zM64 352c-35.3 0-64 28.7-64 64v32c0 35.3 28.7 64 64 64H448c35.3 0 64-28.7 64-64V416c0-35.3-28.7-64-64-64H346.5l-45.3 45.3c-25 25-65.5 25-90.5 0L165.5 352H64z\"\/><\/svg><\/span><\/div><\/div><\/div><div class=\"bs-dl__group\" id=\"data-protection-information-for-customers-and-suppliers\"><h2 class=\"bs-dl__heading\">Data protection information for customers and suppliers<\/h2><div class=\"bs-dl__list\"><div class=\"bs-dl__item bs-dl__item--no-link\"><span class=\"bs-dl__title\">Privacy Policy of Bauerschmidt Kunststoff GmbH [PDF]<\/span><span class=\"bs-dl__icon\"><svg viewBox=\"0 0 512 512\" xmlns=\"http:\/\/www.w3.org\/2000\/svg\" fill=\"currentColor\" aria-hidden=\"true\"><path d=\"M288 32c0-17.7-14.3-32-32-32s-32 14.3-32 32V274.7l-73.4-73.4c-12.5-12.5-32.8-12.5-45.3 0s-12.5 32.8 0 45.3l128 128c12.5 12.5 32.8 12.5 45.3 0l128-128c12.5-12.5 12.5-32.8 0-45.3s-32.8-12.5-45.3 0L288 274.7V32zM64 352c-35.3 0-64 28.7-64 64v32c0 35.3 28.7 64 64 64H448c35.3 0 64-28.7 64-64V416c0-35.3-28.7-64-64-64H346.5l-45.3 45.3c-25 25-65.5 25-90.5 0L165.5 352H64z\"\/><\/svg><\/span><\/div><div class=\"bs-dl__item bs-dl__item--no-link\"><span class=\"bs-dl__title\">Privacy Policy of Horst Bauerschmidt KG [PDF]<\/span><span class=\"bs-dl__icon\"><svg viewBox=\"0 0 512 512\" xmlns=\"http:\/\/www.w3.org\/2000\/svg\" fill=\"currentColor\" aria-hidden=\"true\"><path d=\"M288 32c0-17.7-14.3-32-32-32s-32 14.3-32 32V274.7l-73.4-73.4c-12.5-12.5-32.8-12.5-45.3 0s-12.5 32.8 0 45.3l128 128c12.5 12.5 32.8 12.5 45.3 0l128-128c12.5-12.5 12.5-32.8 0-45.3s-32.8-12.5-45.3 0L288 274.7V32zM64 352c-35.3 0-64 28.7-64 64v32c0 35.3 28.7 64 64 64H448c35.3 0 64-28.7 64-64V416c0-35.3-28.7-64-64-64H346.5l-45.3 45.3c-25 25-65.5 25-90.5 0L165.5 352H64z\"\/><\/svg><\/span><\/div><\/div><\/div><\/div>\t\t\t\t<\/div>\n\t\t\t\t<\/div>\n\t\t\t\t<\/div>\n\t\t\t\t<\/div>\n\t\t","protected":false},"excerpt":{"rendered":"<p>\/ Useful information material for download \/ Downloads Infomaterial Case Study \u00fcber automatisiertes Transportsystem von Jungheinrich [PDF]Datenblatt der Biofolie [PDF]Unternehmensbrosch\u00fcre von Bauerschmidt Folien (Deutsch) [PDF]Unternehmensbrosch\u00fcre von Bauerschmidt Folien (Englisch) [PDF] Gesch\u00e4ftsbedingungen Allgemeine Gesch\u00e4ftsbedingungen der Bauerschmidt Kunststoff GmbH [PDF]Allgemeine Gesch\u00e4ftsbedingungen der Horst Bauerschmidt KG [PDF]Besondere Bedingungen f\u00fcr Folienverpackungen [PDF] Zertifikate Alternatives System zur Verbesserung der Energieeffizienz [&hellip;]<\/p>\n","protected":false},"author":1,"featured_media":0,"parent":0,"menu_order":0,"comment_status":"closed","ping_status":"closed","template":"elementor_header_footer","meta":{"footnotes":""},"class_list":["post-1109","page","type-page","status-publish","hentry"],"yoast_head":"<!-- This site is optimized with the Yoast SEO plugin v27.5 - https:\/\/yoast.com\/product\/yoast-seo-wordpress\/ -->\n<title>Downloads: Brochures, Terms &amp; Conditions &amp; Certificates | Bauerschmidt Folien<\/title>\n<meta name=\"description\" content=\"At Bauerschmidt Folien Downloads, you will find brochures, data sheets, terms and conditions, and certificates available as PDFs for download.\" \/>\n<meta name=\"robots\" content=\"index, follow, max-snippet:-1, max-image-preview:large, max-video-preview:-1\" \/>\n<link rel=\"canonical\" href=\"https:\/\/www.bauerschmidt-folien.de\/en\/downloads\/\" \/>\n<meta property=\"og:locale\" content=\"en_US\" \/>\n<meta property=\"og:type\" content=\"article\" \/>\n<meta property=\"og:title\" content=\"Downloads: Brochures, Terms &amp; Conditions &amp; Certificates | Bauerschmidt Folien\" \/>\n<meta property=\"og:description\" content=\"At Bauerschmidt Folien Downloads, you will find brochures, data sheets, terms and conditions, and certificates available as PDFs for download.\" \/>\n<meta property=\"og:url\" content=\"https:\/\/www.bauerschmidt-folien.de\/en\/downloads\/\" \/>\n<meta property=\"og:site_name\" content=\"Bauerschmidt Folien\" \/>\n<meta property=\"article:modified_time\" content=\"2026-04-29T06:00:23+00:00\" \/>\n<meta property=\"og:image\" content=\"https:\/\/www.bauerschmidt-folien.de\/wp-content\/uploads\/2026\/01\/cropped-favicon.png\" \/>\n\t<meta property=\"og:image:width\" content=\"512\" \/>\n\t<meta property=\"og:image:height\" content=\"512\" \/>\n\t<meta property=\"og:image:type\" content=\"image\/png\" \/>\n<meta name=\"twitter:card\" content=\"summary_large_image\" \/>\n<meta name=\"twitter:label1\" content=\"Est. reading time\" \/>\n\t<meta name=\"twitter:data1\" content=\"1 minute\" \/>\n<script type=\"application\/ld+json\" class=\"yoast-schema-graph\">{\"@context\":\"https:\\\/\\\/schema.org\",\"@graph\":[{\"@type\":\"WebPage\",\"@id\":\"https:\\\/\\\/www.bauerschmidt-folien.de\\\/en\\\/downloads\\\/\",\"url\":\"https:\\\/\\\/www.bauerschmidt-folien.de\\\/en\\\/downloads\\\/\",\"name\":\"Downloads: Brochures, Terms & Conditions & Certificates | Bauerschmidt Folien\",\"isPartOf\":{\"@id\":\"https:\\\/\\\/www.bauerschmidt-folien.de\\\/en\\\/#website\"},\"datePublished\":\"2026-03-04T08:02:28+00:00\",\"dateModified\":\"2026-04-29T06:00:23+00:00\",\"description\":\"At Bauerschmidt Folien Downloads, you will find brochures, data sheets, terms and conditions, and certificates available as PDFs for download.\",\"breadcrumb\":{\"@id\":\"https:\\\/\\\/www.bauerschmidt-folien.de\\\/en\\\/downloads\\\/#breadcrumb\"},\"inLanguage\":\"en-US\",\"potentialAction\":[{\"@type\":\"ReadAction\",\"target\":[\"https:\\\/\\\/www.bauerschmidt-folien.de\\\/en\\\/downloads\\\/\"]}]},{\"@type\":\"BreadcrumbList\",\"@id\":\"https:\\\/\\\/www.bauerschmidt-folien.de\\\/en\\\/downloads\\\/#breadcrumb\",\"itemListElement\":[{\"@type\":\"ListItem\",\"position\":1,\"name\":\"Start\",\"item\":\"https:\\\/\\\/www.bauerschmidt-folien.de\\\/en\\\/home\\\/\"},{\"@type\":\"ListItem\",\"position\":2,\"name\":\"Downloads\"}]},{\"@type\":\"WebSite\",\"@id\":\"https:\\\/\\\/www.bauerschmidt-folien.de\\\/en\\\/#website\",\"url\":\"https:\\\/\\\/www.bauerschmidt-folien.de\\\/en\\\/\",\"name\":\"Bauerschmidt Folien\",\"description\":\"\",\"publisher\":{\"@id\":\"https:\\\/\\\/www.bauerschmidt-folien.de\\\/en\\\/#organization\"},\"potentialAction\":[{\"@type\":\"SearchAction\",\"target\":{\"@type\":\"EntryPoint\",\"urlTemplate\":\"https:\\\/\\\/www.bauerschmidt-folien.de\\\/en\\\/?s={search_term_string}\"},\"query-input\":{\"@type\":\"PropertyValueSpecification\",\"valueRequired\":true,\"valueName\":\"search_term_string\"}}],\"inLanguage\":\"en-US\"},{\"@type\":\"Organization\",\"@id\":\"https:\\\/\\\/www.bauerschmidt-folien.de\\\/en\\\/#organization\",\"name\":\"Bauerschmidt Folien\",\"url\":\"https:\\\/\\\/www.bauerschmidt-folien.de\\\/en\\\/\",\"logo\":{\"@type\":\"ImageObject\",\"inLanguage\":\"en-US\",\"@id\":\"https:\\\/\\\/www.bauerschmidt-folien.de\\\/en\\\/#\\\/schema\\\/logo\\\/image\\\/\",\"url\":\"https:\\\/\\\/www.bauerschmidt-folien.de\\\/wp-content\\\/uploads\\\/2026\\\/01\\\/cropped-favicon.png\",\"contentUrl\":\"https:\\\/\\\/www.bauerschmidt-folien.de\\\/wp-content\\\/uploads\\\/2026\\\/01\\\/cropped-favicon.png\",\"width\":512,\"height\":512,\"caption\":\"Bauerschmidt Folien\"},\"image\":{\"@id\":\"https:\\\/\\\/www.bauerschmidt-folien.de\\\/en\\\/#\\\/schema\\\/logo\\\/image\\\/\"}}]}<\/script>\n<!-- \/ Yoast SEO plugin. -->","yoast_head_json":{"title":"Downloads: Brochures, Terms & Conditions & Certificates | Bauerschmidt Folien","description":"At Bauerschmidt Folien Downloads, you will find brochures, data sheets, terms and conditions, and certificates available as PDFs for download.","robots":{"index":"index","follow":"follow","max-snippet":"max-snippet:-1","max-image-preview":"max-image-preview:large","max-video-preview":"max-video-preview:-1"},"canonical":"https:\/\/www.bauerschmidt-folien.de\/en\/downloads\/","og_locale":"en_US","og_type":"article","og_title":"Downloads: Brochures, Terms & Conditions & Certificates | Bauerschmidt Folien","og_description":"At Bauerschmidt Folien Downloads, you will find brochures, data sheets, terms and conditions, and certificates available as PDFs for download.","og_url":"https:\/\/www.bauerschmidt-folien.de\/en\/downloads\/","og_site_name":"Bauerschmidt Folien","article_modified_time":"2026-04-29T06:00:23+00:00","og_image":[{"width":512,"height":512,"url":"https:\/\/www.bauerschmidt-folien.de\/wp-content\/uploads\/2026\/01\/cropped-favicon.png","type":"image\/png"}],"twitter_card":"summary_large_image","twitter_misc":{"Est. reading time":"1 minute"},"schema":{"@context":"https:\/\/schema.org","@graph":[{"@type":"WebPage","@id":"https:\/\/www.bauerschmidt-folien.de\/en\/downloads\/","url":"https:\/\/www.bauerschmidt-folien.de\/en\/downloads\/","name":"Downloads: Brochures, Terms & Conditions & Certificates | Bauerschmidt Folien","isPartOf":{"@id":"https:\/\/www.bauerschmidt-folien.de\/en\/#website"},"datePublished":"2026-03-04T08:02:28+00:00","dateModified":"2026-04-29T06:00:23+00:00","description":"At Bauerschmidt Folien Downloads, you will find brochures, data sheets, terms and conditions, and certificates available as PDFs for download.","breadcrumb":{"@id":"https:\/\/www.bauerschmidt-folien.de\/en\/downloads\/#breadcrumb"},"inLanguage":"en-US","potentialAction":[{"@type":"ReadAction","target":["https:\/\/www.bauerschmidt-folien.de\/en\/downloads\/"]}]},{"@type":"BreadcrumbList","@id":"https:\/\/www.bauerschmidt-folien.de\/en\/downloads\/#breadcrumb","itemListElement":[{"@type":"ListItem","position":1,"name":"Start","item":"https:\/\/www.bauerschmidt-folien.de\/en\/home\/"},{"@type":"ListItem","position":2,"name":"Downloads"}]},{"@type":"WebSite","@id":"https:\/\/www.bauerschmidt-folien.de\/en\/#website","url":"https:\/\/www.bauerschmidt-folien.de\/en\/","name":"Bauerschmidt Folien","description":"","publisher":{"@id":"https:\/\/www.bauerschmidt-folien.de\/en\/#organization"},"potentialAction":[{"@type":"SearchAction","target":{"@type":"EntryPoint","urlTemplate":"https:\/\/www.bauerschmidt-folien.de\/en\/?s={search_term_string}"},"query-input":{"@type":"PropertyValueSpecification","valueRequired":true,"valueName":"search_term_string"}}],"inLanguage":"en-US"},{"@type":"Organization","@id":"https:\/\/www.bauerschmidt-folien.de\/en\/#organization","name":"Bauerschmidt Folien","url":"https:\/\/www.bauerschmidt-folien.de\/en\/","logo":{"@type":"ImageObject","inLanguage":"en-US","@id":"https:\/\/www.bauerschmidt-folien.de\/en\/#\/schema\/logo\/image\/","url":"https:\/\/www.bauerschmidt-folien.de\/wp-content\/uploads\/2026\/01\/cropped-favicon.png","contentUrl":"https:\/\/www.bauerschmidt-folien.de\/wp-content\/uploads\/2026\/01\/cropped-favicon.png","width":512,"height":512,"caption":"Bauerschmidt Folien"},"image":{"@id":"https:\/\/www.bauerschmidt-folien.de\/en\/#\/schema\/logo\/image\/"}}]}},"_links":{"self":[{"href":"https:\/\/www.bauerschmidt-folien.de\/en\/wp-json\/wp\/v2\/pages\/1109","targetHints":{"allow":["GET"]}}],"collection":[{"href":"https:\/\/www.bauerschmidt-folien.de\/en\/wp-json\/wp\/v2\/pages"}],"about":[{"href":"https:\/\/www.bauerschmidt-folien.de\/en\/wp-json\/wp\/v2\/types\/page"}],"author":[{"embeddable":true,"href":"https:\/\/www.bauerschmidt-folien.de\/en\/wp-json\/wp\/v2\/users\/1"}],"replies":[{"embeddable":true,"href":"https:\/\/www.bauerschmidt-folien.de\/en\/wp-json\/wp\/v2\/comments?post=1109"}],"version-history":[{"count":0,"href":"https:\/\/www.bauerschmidt-folien.de\/en\/wp-json\/wp\/v2\/pages\/1109\/revisions"}],"wp:attachment":[{"href":"https:\/\/www.bauerschmidt-folien.de\/en\/wp-json\/wp\/v2\/media?parent=1109"}],"curies":[{"name":"wp","href":"https:\/\/api.w.org\/{rel}","templated":true}]}}