{"id":1100,"date":"2026-02-20T09:44:41","date_gmt":"2026-02-20T09:44:41","guid":{"rendered":"https:\/\/www.bauerschmidt-folien.de\/news\/"},"modified":"2026-04-29T06:00:23","modified_gmt":"2026-04-29T06:00:23","slug":"news","status":"publish","type":"page","link":"https:\/\/www.bauerschmidt-folien.de\/en\/news\/","title":{"rendered":"News"},"content":{"rendered":"\t\t<div data-elementor-type=\"wp-page\" data-elementor-id=\"1100\" class=\"elementor elementor-1100 elementor-457\" data-elementor-post-type=\"page\">\n\t\t\t\t<div class=\"elementor-element elementor-element-2fe6099 e-con-full e-flex e-con e-parent\" data-id=\"2fe6099\" data-element_type=\"container\" data-e-type=\"container\">\n\t\t\t\t<div class=\"elementor-element elementor-element-7986b44 elementor-widget elementor-widget-bauerschmidt_sub_hero\" data-id=\"7986b44\" data-element_type=\"widget\" data-e-type=\"widget\" data-widget_type=\"bauerschmidt_sub_hero.default\">\n\t\t\t\t<div class=\"elementor-widget-container\">\n\t\t\t\t\t<section class=\"bs-subhero bs-subhero--white\"><div class=\"bs-subhero__decor\" style=\"background-image: url(https:\/\/www.bauerschmidt-folien.de\/wp-content\/uploads\/2026\/02\/Group-1.png);\" aria-hidden=\"true\"><\/div><div class=\"bs-subhero__inner\"><span class=\"bs-subhero__eyebrow\">\/ Insights into our daily operations \/<\/span><h1 class=\"bs-subhero__title\">New &amp; Current<\/h1><hr class=\"bs-subhero__divider\" aria-hidden=\"true\"><div class=\"bs-subhero__subtitle bs-subhero__subtitle--align-end\"><div class=\"bs-subhero__subtitle-inner\"><p>Stay informed about news, innovations, and developments from our company<\/p>\n<\/div><\/div><\/div><\/section>\t\t\t\t<\/div>\n\t\t\t\t<\/div>\n\t\t\t\t<div class=\"elementor-element elementor-element-8faefea elementor-widget elementor-widget-bauerschmidt_post_loop\" data-id=\"8faefea\" data-element_type=\"widget\" data-e-type=\"widget\" data-widget_type=\"bauerschmidt_post_loop.default\">\n\t\t\t\t<div class=\"elementor-widget-container\">\n\t\t\t\t\t<div class=\"bs-loop bs-loop--row\"><article class=\"bs-loop__card\"><a class=\"bs-loop__media\" href=\"https:\/\/www.bauerschmidt-folien.de\/en\/news\/we-are-on-company-holidays\/\" aria-label=\"We are on company holidays!\"><img fetchpriority=\"high\" decoding=\"async\" width=\"960\" height=\"539\" src=\"https:\/\/www.bauerschmidt-folien.de\/wp-content\/uploads\/2026\/04\/6e50b2.jpg\" class=\"bs-loop__img wp-post-image\" alt=\"We are on company holidays!\" srcset=\"https:\/\/www.bauerschmidt-folien.de\/wp-content\/uploads\/2026\/04\/6e50b2.jpg 960w, https:\/\/www.bauerschmidt-folien.de\/wp-content\/uploads\/2026\/04\/6e50b2-300x168.jpg 300w, https:\/\/www.bauerschmidt-folien.de\/wp-content\/uploads\/2026\/04\/6e50b2-768x431.jpg 768w\" sizes=\"(max-width: 960px) 100vw, 960px\" \/><\/a><div class=\"bs-loop__heading\"><div class=\"bs-loop__meta\"><time datetime=\"2026-04-29T12:08:51+00:00\">04\/29\/2026<\/time><\/div><h3 class=\"bs-loop__title\"><a href=\"https:\/\/www.bauerschmidt-folien.de\/en\/news\/we-are-on-company-holidays\/\">We are on company holidays!<\/a><\/h3><\/div><div class=\"bs-loop__excerpt-col\"><p class=\"bs-loop__excerpt\">We are taking a break! &nbsp; To start the second half of the year with momentum and renewed\u2026<\/p><\/div><div class=\"bs-loop__action\"><a class=\"bs-loop__btn bs-loop__btn--primary\" href=\"https:\/\/www.bauerschmidt-folien.de\/en\/news\/we-are-on-company-holidays\/\"><span class=\"bs-loop__btn-text\">TO THE ARTICLE<\/span><svg class=\"bs-loop__btn-arrow\" viewBox=\"0 0 24 24\" xmlns=\"http:\/\/www.w3.org\/2000\/svg\" fill=\"none\" stroke=\"currentColor\" stroke-width=\"2\" stroke-linecap=\"round\" stroke-linejoin=\"round\" aria-hidden=\"true\"><path d=\"M7 17L17 7M17 7H9M17 7v8\"\/><\/svg><\/a><\/div><\/article><article class=\"bs-loop__card\"><a class=\"bs-loop__media\" href=\"https:\/\/www.bauerschmidt-folien.de\/en\/news\/2nd-tree-planting-initiative\/\" aria-label=\"2nd Tree Planting Initiative\"><img decoding=\"async\" width=\"1024\" height=\"768\" src=\"https:\/\/www.bauerschmidt-folien.de\/wp-content\/uploads\/2026\/04\/IMG-20260429-WA0004-1024x768.jpg\" class=\"bs-loop__img wp-post-image\" alt=\"2nd Tree Planting Initiative\" srcset=\"https:\/\/www.bauerschmidt-folien.de\/wp-content\/uploads\/2026\/04\/IMG-20260429-WA0004-1024x768.jpg 1024w, https:\/\/www.bauerschmidt-folien.de\/wp-content\/uploads\/2026\/04\/IMG-20260429-WA0004-300x225.jpg 300w, https:\/\/www.bauerschmidt-folien.de\/wp-content\/uploads\/2026\/04\/IMG-20260429-WA0004-768x576.jpg 768w, https:\/\/www.bauerschmidt-folien.de\/wp-content\/uploads\/2026\/04\/IMG-20260429-WA0004-1536x1152.jpg 1536w, https:\/\/www.bauerschmidt-folien.de\/wp-content\/uploads\/2026\/04\/IMG-20260429-WA0004-800x600.jpg 800w, https:\/\/www.bauerschmidt-folien.de\/wp-content\/uploads\/2026\/04\/IMG-20260429-WA0004.jpg 1600w\" sizes=\"(max-width: 1024px) 100vw, 1024px\" \/><\/a><div class=\"bs-loop__heading\"><div class=\"bs-loop__meta\"><time datetime=\"2026-04-29T12:08:18+00:00\">04\/29\/2026<\/time><\/div><h3 class=\"bs-loop__title\"><a href=\"https:\/\/www.bauerschmidt-folien.de\/en\/news\/2nd-tree-planting-initiative\/\">2nd Tree Planting Initiative<\/a><\/h3><\/div><div class=\"bs-loop__excerpt-col\"><p class=\"bs-loop__excerpt\">Contributing to the preservation of the Thuringian Forest ecosystem is a matter close to our hearts. Therefore, on\u2026<\/p><\/div><div class=\"bs-loop__action\"><a class=\"bs-loop__btn bs-loop__btn--primary\" href=\"https:\/\/www.bauerschmidt-folien.de\/en\/news\/2nd-tree-planting-initiative\/\"><span class=\"bs-loop__btn-text\">TO THE ARTICLE<\/span><svg class=\"bs-loop__btn-arrow\" viewBox=\"0 0 24 24\" xmlns=\"http:\/\/www.w3.org\/2000\/svg\" fill=\"none\" stroke=\"currentColor\" stroke-width=\"2\" stroke-linecap=\"round\" stroke-linejoin=\"round\" aria-hidden=\"true\"><path d=\"M7 17L17 7M17 7H9M17 7v8\"\/><\/svg><\/a><\/div><\/article><article class=\"bs-loop__card\"><a class=\"bs-loop__media\" href=\"https:\/\/www.bauerschmidt-folien.de\/en\/news\/corporate-run-2025-dont-cry-run-2\/\" aria-label=\"Corporate Run 2025 &#8211; Don&#8217;t Cry, RUN!!!\"><img decoding=\"async\" width=\"1024\" height=\"768\" src=\"https:\/\/www.bauerschmidt-folien.de\/wp-content\/uploads\/2026\/04\/IMG-20250821-WA0012-1-1024x768.jpg\" class=\"bs-loop__img wp-post-image\" alt=\"Corporate Run 2025 &#8211; Don&#8217;t Cry, RUN!!!\" srcset=\"https:\/\/www.bauerschmidt-folien.de\/wp-content\/uploads\/2026\/04\/IMG-20250821-WA0012-1-1024x768.jpg 1024w, https:\/\/www.bauerschmidt-folien.de\/wp-content\/uploads\/2026\/04\/IMG-20250821-WA0012-1-300x225.jpg 300w, https:\/\/www.bauerschmidt-folien.de\/wp-content\/uploads\/2026\/04\/IMG-20250821-WA0012-1-768x576.jpg 768w, https:\/\/www.bauerschmidt-folien.de\/wp-content\/uploads\/2026\/04\/IMG-20250821-WA0012-1-1536x1152.jpg 1536w, https:\/\/www.bauerschmidt-folien.de\/wp-content\/uploads\/2026\/04\/IMG-20250821-WA0012-1-800x600.jpg 800w, https:\/\/www.bauerschmidt-folien.de\/wp-content\/uploads\/2026\/04\/IMG-20250821-WA0012-1.jpg 2048w\" sizes=\"(max-width: 1024px) 100vw, 1024px\" \/><\/a><div class=\"bs-loop__heading\"><div class=\"bs-loop__meta\"><time datetime=\"2026-04-29T11:40:10+00:00\">04\/29\/2026<\/time><\/div><h3 class=\"bs-loop__title\"><a href=\"https:\/\/www.bauerschmidt-folien.de\/en\/news\/corporate-run-2025-dont-cry-run-2\/\">Corporate Run 2025 &#8211; Don&#8217;t Cry, RUN!!!<\/a><\/h3><\/div><div class=\"bs-loop__excerpt-col\"><p class=\"bs-loop__excerpt\">It has become a tradition for us as a regional company to participate in this sporting event for\u2026<\/p><\/div><div class=\"bs-loop__action\"><a class=\"bs-loop__btn bs-loop__btn--primary\" href=\"https:\/\/www.bauerschmidt-folien.de\/en\/news\/corporate-run-2025-dont-cry-run-2\/\"><span class=\"bs-loop__btn-text\">TO THE ARTICLE<\/span><svg class=\"bs-loop__btn-arrow\" viewBox=\"0 0 24 24\" xmlns=\"http:\/\/www.w3.org\/2000\/svg\" fill=\"none\" stroke=\"currentColor\" stroke-width=\"2\" stroke-linecap=\"round\" stroke-linejoin=\"round\" aria-hidden=\"true\"><path d=\"M7 17L17 7M17 7H9M17 7v8\"\/><\/svg><\/a><\/div><\/article><article class=\"bs-loop__card\"><div class=\"bs-loop__heading\"><div class=\"bs-loop__meta\"><time datetime=\"2026-04-29T11:33:20+00:00\">04\/29\/2026<\/time><\/div><h3 class=\"bs-loop__title\"><a href=\"https:\/\/www.bauerschmidt-folien.de\/en\/news\/corporate-run-2025-dont-cry-run\/\">Corporate Run 2025 &#8211; Don&#8217;t Cry, RUN!!!<\/a><\/h3><\/div><div class=\"bs-loop__excerpt-col\"><p class=\"bs-loop__excerpt\">It has become a tradition for us as a regional company to participate in this sporting event for\u2026<\/p><\/div><div class=\"bs-loop__action\"><a class=\"bs-loop__btn bs-loop__btn--primary\" href=\"https:\/\/www.bauerschmidt-folien.de\/en\/news\/corporate-run-2025-dont-cry-run\/\"><span class=\"bs-loop__btn-text\">TO THE ARTICLE<\/span><svg class=\"bs-loop__btn-arrow\" viewBox=\"0 0 24 24\" xmlns=\"http:\/\/www.w3.org\/2000\/svg\" fill=\"none\" stroke=\"currentColor\" stroke-width=\"2\" stroke-linecap=\"round\" stroke-linejoin=\"round\" aria-hidden=\"true\"><path d=\"M7 17L17 7M17 7H9M17 7v8\"\/><\/svg><\/a><\/div><\/article><article class=\"bs-loop__card\"><div class=\"bs-loop__heading\"><div class=\"bs-loop__meta\"><time datetime=\"2026-01-29T12:57:37+00:00\">01\/29\/2026<\/time><\/div><h3 class=\"bs-loop__title\"><a href=\"https:\/\/www.bauerschmidt-folien.de\/en\/news\/photovoltaic-system-in-planning-bauerschmidt-embraces-solar-energy\/\">Photovoltaic System in Planning: Bauerschmidt Embraces Solar Energy<\/a><\/h3><\/div><div class=\"bs-loop__excerpt-col\"><p class=\"bs-loop__excerpt\">We continue to invest in sustainable energy generation.<\/p><\/div><div class=\"bs-loop__action\"><a class=\"bs-loop__btn bs-loop__btn--primary\" href=\"https:\/\/www.bauerschmidt-folien.de\/en\/news\/photovoltaic-system-in-planning-bauerschmidt-embraces-solar-energy\/\"><span class=\"bs-loop__btn-text\">TO THE ARTICLE<\/span><svg class=\"bs-loop__btn-arrow\" viewBox=\"0 0 24 24\" xmlns=\"http:\/\/www.w3.org\/2000\/svg\" fill=\"none\" stroke=\"currentColor\" stroke-width=\"2\" stroke-linecap=\"round\" stroke-linejoin=\"round\" aria-hidden=\"true\"><path d=\"M7 17L17 7M17 7H9M17 7v8\"\/><\/svg><\/a><\/div><\/article><article class=\"bs-loop__card\"><div class=\"bs-loop__heading\"><div class=\"bs-loop__meta\"><time datetime=\"2024-08-29T10:40:43+00:00\">08\/29\/2024<\/time><\/div><h3 class=\"bs-loop__title\"><a href=\"https:\/\/www.bauerschmidt-folien.de\/en\/news\/strong-together-at-the-thueringens-sueden-2024-corporate-run\/\">Strong together at the TH\u00dcRINGENS S\u00dcDEN 2024 corporate run<\/a><\/h3><\/div><div class=\"bs-loop__excerpt-col\"><p class=\"bs-loop__excerpt\">Our team was at the start of the TH\u00dcRINGENS S\u00dcDEN 2024 corporate run with great team spirit and\u2026<\/p><\/div><div class=\"bs-loop__action\"><a class=\"bs-loop__btn bs-loop__btn--primary\" href=\"https:\/\/www.bauerschmidt-folien.de\/en\/news\/strong-together-at-the-thueringens-sueden-2024-corporate-run\/\"><span class=\"bs-loop__btn-text\">TO THE ARTICLE<\/span><svg class=\"bs-loop__btn-arrow\" viewBox=\"0 0 24 24\" xmlns=\"http:\/\/www.w3.org\/2000\/svg\" fill=\"none\" stroke=\"currentColor\" stroke-width=\"2\" stroke-linecap=\"round\" stroke-linejoin=\"round\" aria-hidden=\"true\"><path d=\"M7 17L17 7M17 7H9M17 7v8\"\/><\/svg><\/a><\/div><\/article><article class=\"bs-loop__card\"><div class=\"bs-loop__heading\"><div class=\"bs-loop__meta\"><time datetime=\"2024-07-10T10:47:04+00:00\">07\/10\/2024<\/time><\/div><h3 class=\"bs-loop__title\"><a href=\"https:\/\/www.bauerschmidt-folien.de\/en\/news\/ready-set-go\/\">Ready, set, go!<\/a><\/h3><\/div><div class=\"bs-loop__excerpt-col\"><p class=\"bs-loop__excerpt\">In 2024, we are once again participating in the Corporate Run TH\u00dcRINGENS S\u00dcDEN\u00ae to actively live out team\u2026<\/p><\/div><div class=\"bs-loop__action\"><a class=\"bs-loop__btn bs-loop__btn--primary\" href=\"https:\/\/www.bauerschmidt-folien.de\/en\/news\/ready-set-go\/\"><span class=\"bs-loop__btn-text\">TO THE ARTICLE<\/span><svg class=\"bs-loop__btn-arrow\" viewBox=\"0 0 24 24\" xmlns=\"http:\/\/www.w3.org\/2000\/svg\" fill=\"none\" stroke=\"currentColor\" stroke-width=\"2\" stroke-linecap=\"round\" stroke-linejoin=\"round\" aria-hidden=\"true\"><path d=\"M7 17L17 7M17 7H9M17 7v8\"\/><\/svg><\/a><\/div><\/article><article class=\"bs-loop__card\"><div class=\"bs-loop__heading\"><div class=\"bs-loop__meta\"><time datetime=\"2024-05-06T10:51:53+00:00\">05\/06\/2024<\/time><\/div><h3 class=\"bs-loop__title\"><a href=\"https:\/\/www.bauerschmidt-folien.de\/en\/news\/1000-new-trees-for-a-greener-future\/\">1000 new trees for a greener future<\/a><\/h3><\/div><div class=\"bs-loop__excerpt-col\"><p class=\"bs-loop__excerpt\">In April, 14 employees and we planted 1000 trees, thereby collectively setting a strong example for environmental protection,\u2026<\/p><\/div><div class=\"bs-loop__action\"><a class=\"bs-loop__btn bs-loop__btn--primary\" href=\"https:\/\/www.bauerschmidt-folien.de\/en\/news\/1000-new-trees-for-a-greener-future\/\"><span class=\"bs-loop__btn-text\">TO THE ARTICLE<\/span><svg class=\"bs-loop__btn-arrow\" viewBox=\"0 0 24 24\" xmlns=\"http:\/\/www.w3.org\/2000\/svg\" fill=\"none\" stroke=\"currentColor\" stroke-width=\"2\" stroke-linecap=\"round\" stroke-linejoin=\"round\" aria-hidden=\"true\"><path d=\"M7 17L17 7M17 7H9M17 7v8\"\/><\/svg><\/a><\/div><\/article><\/div>\t\t\t\t<\/div>\n\t\t\t\t<\/div>\n\t\t\t\t<\/div>\n\t\t\t\t<\/div>\n\t\t","protected":false},"excerpt":{"rendered":"<p>\/ Insights into our daily operations \/ New &amp; Current Stay informed about news, innovations, and developments from our company 01\/29\/2026 Photovoltaik-Anlage in Planung: Bauerschmidt setzt auf Solarenergie Wir investieren weiter in nachhaltige Energieerzeugung. TO THE ARTICLE 08\/29\/2024 Gemeinsam stark beim Firmenlauf TH\u00dcRINGENS S\u00dcDEN 2024 Unser Team war beim Firmenlauf TH\u00dcRINGENS S\u00dcDEN 2024 mit viel [&hellip;]<\/p>\n","protected":false},"author":1,"featured_media":0,"parent":0,"menu_order":0,"comment_status":"closed","ping_status":"closed","template":"elementor_header_footer","meta":{"footnotes":""},"class_list":["post-1100","page","type-page","status-publish","hentry"],"yoast_head":"<!-- This site is optimized with the Yoast SEO plugin v27.5 - https:\/\/yoast.com\/product\/yoast-seo-wordpress\/ -->\n<title>News &amp; Updates from the Company | Bauerschmidt Folien<\/title>\n<meta name=\"description\" content=\"Current news from Bauerschmidt Folien: Insights into projects, sustainability, and activities of our company from Thuringia.\" \/>\n<meta name=\"robots\" content=\"index, follow, max-snippet:-1, max-image-preview:large, max-video-preview:-1\" \/>\n<link rel=\"canonical\" href=\"https:\/\/www.bauerschmidt-folien.de\/en\/news\/\" \/>\n<meta property=\"og:locale\" content=\"en_US\" \/>\n<meta property=\"og:type\" content=\"article\" \/>\n<meta property=\"og:title\" content=\"News &amp; Updates from the Company | Bauerschmidt Folien\" \/>\n<meta property=\"og:description\" content=\"Current news from Bauerschmidt Folien: Insights into projects, sustainability, and activities of our company from Thuringia.\" \/>\n<meta property=\"og:url\" content=\"https:\/\/www.bauerschmidt-folien.de\/en\/news\/\" \/>\n<meta property=\"og:site_name\" content=\"Bauerschmidt Folien\" \/>\n<meta property=\"article:modified_time\" content=\"2026-04-29T06:00:23+00:00\" \/>\n<meta property=\"og:image\" content=\"https:\/\/www.bauerschmidt-folien.de\/wp-content\/uploads\/2026\/01\/bauerschmidt-unternehmen-gruppe-firmeneinfahrt-1024x683.jpg\" \/>\n<meta name=\"twitter:card\" content=\"summary_large_image\" \/>\n<meta name=\"twitter:label1\" content=\"Est. reading time\" \/>\n\t<meta name=\"twitter:data1\" content=\"1 minute\" \/>\n<script type=\"application\/ld+json\" class=\"yoast-schema-graph\">{\"@context\":\"https:\\\/\\\/schema.org\",\"@graph\":[{\"@type\":\"WebPage\",\"@id\":\"https:\\\/\\\/www.bauerschmidt-folien.de\\\/en\\\/news\\\/\",\"url\":\"https:\\\/\\\/www.bauerschmidt-folien.de\\\/en\\\/news\\\/\",\"name\":\"News & Updates from the Company | Bauerschmidt Folien\",\"isPartOf\":{\"@id\":\"https:\\\/\\\/www.bauerschmidt-folien.de\\\/en\\\/#website\"},\"primaryImageOfPage\":{\"@id\":\"https:\\\/\\\/www.bauerschmidt-folien.de\\\/en\\\/news\\\/#primaryimage\"},\"image\":{\"@id\":\"https:\\\/\\\/www.bauerschmidt-folien.de\\\/en\\\/news\\\/#primaryimage\"},\"thumbnailUrl\":\"https:\\\/\\\/www.bauerschmidt-folien.de\\\/wp-content\\\/uploads\\\/2026\\\/01\\\/bauerschmidt-unternehmen-gruppe-firmeneinfahrt-1024x683.jpg\",\"datePublished\":\"2026-02-20T09:44:41+00:00\",\"dateModified\":\"2026-04-29T06:00:23+00:00\",\"description\":\"Current news from Bauerschmidt Folien: Insights into projects, sustainability, and activities of our company from Thuringia.\",\"breadcrumb\":{\"@id\":\"https:\\\/\\\/www.bauerschmidt-folien.de\\\/en\\\/news\\\/#breadcrumb\"},\"inLanguage\":\"en-US\",\"potentialAction\":[{\"@type\":\"ReadAction\",\"target\":[\"https:\\\/\\\/www.bauerschmidt-folien.de\\\/en\\\/news\\\/\"]}]},{\"@type\":\"ImageObject\",\"inLanguage\":\"en-US\",\"@id\":\"https:\\\/\\\/www.bauerschmidt-folien.de\\\/en\\\/news\\\/#primaryimage\",\"url\":\"https:\\\/\\\/www.bauerschmidt-folien.de\\\/wp-content\\\/uploads\\\/2026\\\/01\\\/bauerschmidt-unternehmen-gruppe-firmeneinfahrt-1024x683.jpg\",\"contentUrl\":\"https:\\\/\\\/www.bauerschmidt-folien.de\\\/wp-content\\\/uploads\\\/2026\\\/01\\\/bauerschmidt-unternehmen-gruppe-firmeneinfahrt-1024x683.jpg\"},{\"@type\":\"BreadcrumbList\",\"@id\":\"https:\\\/\\\/www.bauerschmidt-folien.de\\\/en\\\/news\\\/#breadcrumb\",\"itemListElement\":[{\"@type\":\"ListItem\",\"position\":1,\"name\":\"Start\",\"item\":\"https:\\\/\\\/www.bauerschmidt-folien.de\\\/en\\\/home\\\/\"},{\"@type\":\"ListItem\",\"position\":2,\"name\":\"News\"}]},{\"@type\":\"WebSite\",\"@id\":\"https:\\\/\\\/www.bauerschmidt-folien.de\\\/en\\\/#website\",\"url\":\"https:\\\/\\\/www.bauerschmidt-folien.de\\\/en\\\/\",\"name\":\"Bauerschmidt Folien\",\"description\":\"\",\"publisher\":{\"@id\":\"https:\\\/\\\/www.bauerschmidt-folien.de\\\/en\\\/#organization\"},\"potentialAction\":[{\"@type\":\"SearchAction\",\"target\":{\"@type\":\"EntryPoint\",\"urlTemplate\":\"https:\\\/\\\/www.bauerschmidt-folien.de\\\/en\\\/?s={search_term_string}\"},\"query-input\":{\"@type\":\"PropertyValueSpecification\",\"valueRequired\":true,\"valueName\":\"search_term_string\"}}],\"inLanguage\":\"en-US\"},{\"@type\":\"Organization\",\"@id\":\"https:\\\/\\\/www.bauerschmidt-folien.de\\\/en\\\/#organization\",\"name\":\"Bauerschmidt Folien\",\"url\":\"https:\\\/\\\/www.bauerschmidt-folien.de\\\/en\\\/\",\"logo\":{\"@type\":\"ImageObject\",\"inLanguage\":\"en-US\",\"@id\":\"https:\\\/\\\/www.bauerschmidt-folien.de\\\/en\\\/#\\\/schema\\\/logo\\\/image\\\/\",\"url\":\"https:\\\/\\\/www.bauerschmidt-folien.de\\\/wp-content\\\/uploads\\\/2026\\\/01\\\/cropped-favicon.png\",\"contentUrl\":\"https:\\\/\\\/www.bauerschmidt-folien.de\\\/wp-content\\\/uploads\\\/2026\\\/01\\\/cropped-favicon.png\",\"width\":512,\"height\":512,\"caption\":\"Bauerschmidt Folien\"},\"image\":{\"@id\":\"https:\\\/\\\/www.bauerschmidt-folien.de\\\/en\\\/#\\\/schema\\\/logo\\\/image\\\/\"}}]}<\/script>\n<!-- \/ Yoast SEO plugin. -->","yoast_head_json":{"title":"News & Updates from the Company | Bauerschmidt Folien","description":"Current news from Bauerschmidt Folien: Insights into projects, sustainability, and activities of our company from Thuringia.","robots":{"index":"index","follow":"follow","max-snippet":"max-snippet:-1","max-image-preview":"max-image-preview:large","max-video-preview":"max-video-preview:-1"},"canonical":"https:\/\/www.bauerschmidt-folien.de\/en\/news\/","og_locale":"en_US","og_type":"article","og_title":"News & Updates from the Company | Bauerschmidt Folien","og_description":"Current news from Bauerschmidt Folien: Insights into projects, sustainability, and activities of our company from Thuringia.","og_url":"https:\/\/www.bauerschmidt-folien.de\/en\/news\/","og_site_name":"Bauerschmidt Folien","article_modified_time":"2026-04-29T06:00:23+00:00","og_image":[{"url":"https:\/\/www.bauerschmidt-folien.de\/wp-content\/uploads\/2026\/01\/bauerschmidt-unternehmen-gruppe-firmeneinfahrt-1024x683.jpg","type":"","width":"","height":""}],"twitter_card":"summary_large_image","twitter_misc":{"Est. reading time":"1 minute"},"schema":{"@context":"https:\/\/schema.org","@graph":[{"@type":"WebPage","@id":"https:\/\/www.bauerschmidt-folien.de\/en\/news\/","url":"https:\/\/www.bauerschmidt-folien.de\/en\/news\/","name":"News & Updates from the Company | Bauerschmidt Folien","isPartOf":{"@id":"https:\/\/www.bauerschmidt-folien.de\/en\/#website"},"primaryImageOfPage":{"@id":"https:\/\/www.bauerschmidt-folien.de\/en\/news\/#primaryimage"},"image":{"@id":"https:\/\/www.bauerschmidt-folien.de\/en\/news\/#primaryimage"},"thumbnailUrl":"https:\/\/www.bauerschmidt-folien.de\/wp-content\/uploads\/2026\/01\/bauerschmidt-unternehmen-gruppe-firmeneinfahrt-1024x683.jpg","datePublished":"2026-02-20T09:44:41+00:00","dateModified":"2026-04-29T06:00:23+00:00","description":"Current news from Bauerschmidt Folien: Insights into projects, sustainability, and activities of our company from Thuringia.","breadcrumb":{"@id":"https:\/\/www.bauerschmidt-folien.de\/en\/news\/#breadcrumb"},"inLanguage":"en-US","potentialAction":[{"@type":"ReadAction","target":["https:\/\/www.bauerschmidt-folien.de\/en\/news\/"]}]},{"@type":"ImageObject","inLanguage":"en-US","@id":"https:\/\/www.bauerschmidt-folien.de\/en\/news\/#primaryimage","url":"https:\/\/www.bauerschmidt-folien.de\/wp-content\/uploads\/2026\/01\/bauerschmidt-unternehmen-gruppe-firmeneinfahrt-1024x683.jpg","contentUrl":"https:\/\/www.bauerschmidt-folien.de\/wp-content\/uploads\/2026\/01\/bauerschmidt-unternehmen-gruppe-firmeneinfahrt-1024x683.jpg"},{"@type":"BreadcrumbList","@id":"https:\/\/www.bauerschmidt-folien.de\/en\/news\/#breadcrumb","itemListElement":[{"@type":"ListItem","position":1,"name":"Start","item":"https:\/\/www.bauerschmidt-folien.de\/en\/home\/"},{"@type":"ListItem","position":2,"name":"News"}]},{"@type":"WebSite","@id":"https:\/\/www.bauerschmidt-folien.de\/en\/#website","url":"https:\/\/www.bauerschmidt-folien.de\/en\/","name":"Bauerschmidt Folien","description":"","publisher":{"@id":"https:\/\/www.bauerschmidt-folien.de\/en\/#organization"},"potentialAction":[{"@type":"SearchAction","target":{"@type":"EntryPoint","urlTemplate":"https:\/\/www.bauerschmidt-folien.de\/en\/?s={search_term_string}"},"query-input":{"@type":"PropertyValueSpecification","valueRequired":true,"valueName":"search_term_string"}}],"inLanguage":"en-US"},{"@type":"Organization","@id":"https:\/\/www.bauerschmidt-folien.de\/en\/#organization","name":"Bauerschmidt Folien","url":"https:\/\/www.bauerschmidt-folien.de\/en\/","logo":{"@type":"ImageObject","inLanguage":"en-US","@id":"https:\/\/www.bauerschmidt-folien.de\/en\/#\/schema\/logo\/image\/","url":"https:\/\/www.bauerschmidt-folien.de\/wp-content\/uploads\/2026\/01\/cropped-favicon.png","contentUrl":"https:\/\/www.bauerschmidt-folien.de\/wp-content\/uploads\/2026\/01\/cropped-favicon.png","width":512,"height":512,"caption":"Bauerschmidt Folien"},"image":{"@id":"https:\/\/www.bauerschmidt-folien.de\/en\/#\/schema\/logo\/image\/"}}]}},"_links":{"self":[{"href":"https:\/\/www.bauerschmidt-folien.de\/en\/wp-json\/wp\/v2\/pages\/1100","targetHints":{"allow":["GET"]}}],"collection":[{"href":"https:\/\/www.bauerschmidt-folien.de\/en\/wp-json\/wp\/v2\/pages"}],"about":[{"href":"https:\/\/www.bauerschmidt-folien.de\/en\/wp-json\/wp\/v2\/types\/page"}],"author":[{"embeddable":true,"href":"https:\/\/www.bauerschmidt-folien.de\/en\/wp-json\/wp\/v2\/users\/1"}],"replies":[{"embeddable":true,"href":"https:\/\/www.bauerschmidt-folien.de\/en\/wp-json\/wp\/v2\/comments?post=1100"}],"version-history":[{"count":0,"href":"https:\/\/www.bauerschmidt-folien.de\/en\/wp-json\/wp\/v2\/pages\/1100\/revisions"}],"wp:attachment":[{"href":"https:\/\/www.bauerschmidt-folien.de\/en\/wp-json\/wp\/v2\/media?parent=1100"}],"curies":[{"name":"wp","href":"https:\/\/api.w.org\/{rel}","templated":true}]}}